{"id":427,"date":"2025-10-10T23:44:33","date_gmt":"2025-10-10T23:44:33","guid":{"rendered":"http:\/\/stagingserver3.com\/Sunbeams\/?page_id=427"},"modified":"2025-10-11T00:22:01","modified_gmt":"2025-10-11T00:22:01","slug":"vote-contribution","status":"publish","type":"page","link":"https:\/\/stagingserver3.com\/Sunbeams\/vote-contribution\/","title":{"rendered":"Vote Contribution"},"content":{"rendered":"[vc_row type=&#8221;full_width_background&#8221; full_screen_row_position=&#8221;middle&#8221; column_margin=&#8221;default&#8221; equal_height=&#8221;yes&#8221; content_placement=&#8221;top&#8221; column_direction=&#8221;default&#8221; column_direction_tablet=&#8221;default&#8221; column_direction_phone=&#8221;default&#8221; scene_position=&#8221;center&#8221; top_padding=&#8221;60&#8243; constrain_group_1=&#8221;yes&#8221; bottom_padding=&#8221;60&#8243; text_color=&#8221;dark&#8221; text_align=&#8221;left&#8221; row_border_radius=&#8221;none&#8221; row_border_radius_applies=&#8221;bg&#8221; overflow=&#8221;visible&#8221; id=&#8221;Contribution-1&#8243; overlay_strength=&#8221;0.3&#8243; gradient_direction=&#8221;left_to_right&#8221; shape_divider_position=&#8221;bottom&#8221; bg_image_animation=&#8221;none&#8221; gradient_type=&#8221;default&#8221; shape_type=&#8221;&#8221;][vc_column column_padding=&#8221;padding-3-percent&#8221; column_padding_tablet=&#8221;inherit&#8221; column_padding_phone=&#8221;inherit&#8221; column_padding_position=&#8221;all&#8221; column_element_direction_desktop=&#8221;default&#8221; column_element_spacing=&#8221;default&#8221; desktop_text_alignment=&#8221;default&#8221; tablet_text_alignment=&#8221;default&#8221; phone_text_alignment=&#8221;default&#8221; sticky_content=&#8221;true&#8221; sticky_content_functionality=&#8221;css&#8221; sticky_content_alignment=&#8221;default&#8221; background_color=&#8221;#ffdde0&#8243; background_color_opacity=&#8221;1&#8243; background_color_hover=&#8221;#ffdde0&#8243; background_hover_color_opacity=&#8221;1&#8243; column_backdrop_filter=&#8221;none&#8221; font_color=&#8221;#0a0a0a&#8221; column_shadow=&#8221;medium_depth&#8221; column_border_radius=&#8221;15px&#8221; column_link_target=&#8221;_self&#8221; column_position=&#8221;default&#8221; el_class=&#8221;c1&#8243; gradient_direction=&#8221;left_to_right&#8221; overlay_strength=&#8221;0.3&#8243; width=&#8221;2\/3&#8243; tablet_width_inherit=&#8221;default&#8221; animation_type=&#8221;default&#8221; bg_image_animation=&#8221;none&#8221; border_type=&#8221;simple&#8221; column_border_width=&#8221;none&#8221; column_border_style=&#8221;solid&#8221; column_padding_type=&#8221;default&#8221; gradient_type=&#8221;default&#8221;][vc_column_text el_class=&#8221;t55&#8243;]\n<p data-start=\"193\" data-end=\"376\">otre contribution mensuelle permet d\u2019aider les enfants \u00e0 cette clinique mobile de soins de sant\u00e9 et de nutrition au Bangladesh. Merci de b\u00e2tir un monde meilleur pour chaque enfant!<\/p>\n<p data-start=\"381\" data-end=\"391\"><strong>Bonjour,<\/strong><\/p>\n<p data-start=\"396\" data-end=\"886\">Merci d\u2019avoir choisi d\u2019accompagner les enfants, leurs familles et leurs communaut\u00e9s en participant au programme de dons mensuels. Votre bienveillance et votre g\u00e9n\u00e9rosit\u00e9 nous permettront d\u2019aider plus d\u2019enfants dans certains des endroits les plus difficiles du monde, en les soutenant \u00e0 chaque \u00e9tape alors qu\u2019ils surmontent les obstacles et r\u00e9alisent leur plein potentiel. Chaque jour et chaque mois, vous ferez partie d\u2019une communaut\u00e9 mondiale qui cr\u00e9e un monde meilleur pour les enfants.<\/p>\n[\/vc_column_text][\/vc_column][vc_column column_padding=&#8221;no-extra-padding&#8221; column_padding_tablet=&#8221;inherit&#8221; column_padding_phone=&#8221;inherit&#8221; column_padding_position=&#8221;all&#8221; column_element_direction_desktop=&#8221;default&#8221; column_element_spacing=&#8221;default&#8221; desktop_text_alignment=&#8221;default&#8221; tablet_text_alignment=&#8221;default&#8221; phone_text_alignment=&#8221;default&#8221; background_color_opacity=&#8221;1&#8243; background_hover_color_opacity=&#8221;1&#8243; column_backdrop_filter=&#8221;none&#8221; column_shadow=&#8221;none&#8221; column_border_radius=&#8221;none&#8221; column_link_target=&#8221;_self&#8221; column_position=&#8221;default&#8221; gradient_direction=&#8221;left_to_right&#8221; overlay_strength=&#8221;0.3&#8243; width=&#8221;1\/3&#8243; tablet_width_inherit=&#8221;default&#8221; animation_type=&#8221;default&#8221; bg_image_animation=&#8221;none&#8221; border_type=&#8221;simple&#8221; column_border_width=&#8221;none&#8221; column_border_style=&#8221;solid&#8221;][image_with_animation image_url=&#8221;430&#8243; image_size=&#8221;full&#8221; animation_type=&#8221;entrance&#8221; animation=&#8221;None&#8221; animation_movement_type=&#8221;transform_y&#8221; hover_animation=&#8221;none&#8221; alignment=&#8221;&#8221; border_radius=&#8221;none&#8221; box_shadow=&#8221;none&#8221; image_loading=&#8221;default&#8221; max_width=&#8221;100%&#8221; max_width_mobile=&#8221;default&#8221; el_class=&#8221;m90&#8243;][\/vc_column][vc_column column_padding=&#8221;no-extra-padding&#8221; column_padding_tablet=&#8221;inherit&#8221; column_padding_phone=&#8221;inherit&#8221; column_padding_position=&#8221;all&#8221; column_element_direction_desktop=&#8221;default&#8221; column_element_spacing=&#8221;default&#8221; desktop_text_alignment=&#8221;default&#8221; tablet_text_alignment=&#8221;default&#8221; phone_text_alignment=&#8221;default&#8221; background_color_opacity=&#8221;1&#8243; background_hover_color_opacity=&#8221;1&#8243; column_backdrop_filter=&#8221;none&#8221; column_shadow=&#8221;none&#8221; column_border_radius=&#8221;none&#8221; column_link_target=&#8221;_self&#8221; column_position=&#8221;default&#8221; gradient_direction=&#8221;left_to_right&#8221; overlay_strength=&#8221;0.3&#8243; width=&#8221;1\/1&#8243; tablet_width_inherit=&#8221;default&#8221; animation_type=&#8221;default&#8221; bg_image_animation=&#8221;none&#8221; border_type=&#8221;simple&#8221; column_border_width=&#8221;none&#8221; column_border_style=&#8221;solid&#8221;][vc_column_text el_class=&#8221;t4&#8243;]\n<p style=\"text-align: center;\" data-start=\"891\" data-end=\"1010\"><span style=\"color: #000000;\"><strong data-start=\"891\" data-end=\"1008\">Au nom des milliers d\u2019enfants auxquels vous venez en aide chaque jour, nous vous remercions de votre partenariat.<\/strong><\/span><\/p>\n<p style=\"text-align: center;\" data-start=\"1015\" data-end=\"1044\"><span style=\"color: #000000;\">Avec toute notre gratitude,<\/span><\/p>\n<p style=\"text-align: center;\" data-start=\"1049\" data-end=\"1121\"><span style=\"color: #000000;\"><em data-start=\"1049\" data-end=\"1062\">Sara Zerehi<\/em><\/span><br data-start=\"1062\" data-end=\"1065\" \/><span style=\"color: #000000;\">Cheffe de l\u2019engagement strat\u00e9gique<\/span><br data-start=\"1101\" data-end=\"1104\" \/><span style=\"color: #000000;\">UNICEF Canada<\/span><\/p>\n<p style=\"text-align: center;\" data-start=\"1126\" data-end=\"1260\"><span style=\"color: #000000;\"><em data-start=\"1126\" data-end=\"1260\">P.S. En guise de remerciement, j\u2019ai joint un cadeau sp\u00e9cial que vous pouvez offrir \u00e0 un enfant dans votre vie (ou garder pour vous!)<\/em><\/span><\/p>\n[\/vc_column_text][vc_gallery type=&#8221;image_grid&#8221; images=&#8221;437,438,439,440,441,444,445,446&#8243; image_grid_loading=&#8221;default&#8221; layout=&#8221;constrained_fullwidth&#8221; item_spacing=&#8221;5px&#8221; gallery_style=&#8221;5&#8243; load_in_animation=&#8221;fade_in&#8221; img_size=&#8221;300px&#8221; el_class=&#8221;m6&#8243;][\/vc_column][\/vc_row]\n","protected":false},"excerpt":{"rendered":"<p>[vc_row type=&#8221;full_width_background&#8221; full_screen_row_position=&#8221;middle&#8221; column_margin=&#8221;default&#8221; equal_height=&#8221;yes&#8221; content_placement=&#8221;top&#8221; column_direction=&#8221;default&#8221; column_direction_tablet=&#8221;default&#8221; column_direction_phone=&#8221;default&#8221; scene_position=&#8221;center&#8221; top_padding=&#8221;60&#8243; constrain_group_1=&#8221;yes&#8221; bottom_padding=&#8221;60&#8243; text_color=&#8221;dark&#8221; text_align=&#8221;left&#8221; row_border_radius=&#8221;none&#8221; row_border_radius_applies=&#8221;bg&#8221; overflow=&#8221;visible&#8221; id=&#8221;Contribution-1&#8243; overlay_strength=&#8221;0.3&#8243; gradient_direction=&#8221;left_to_right&#8221; shape_divider_position=&#8221;bottom&#8221; bg_image_animation=&#8221;none&#8221; gradient_type=&#8221;default&#8221; shape_type=&#8221;&#8221;][vc_column column_padding=&#8221;padding-3-percent&#8221; column_padding_tablet=&#8221;inherit&#8221; column_padding_phone=&#8221;inherit&#8221; column_padding_position=&#8221;all&#8221; column_element_direction_desktop=&#8221;default&#8221;&#8230;<\/p>\n","protected":false},"author":1,"featured_media":0,"parent":0,"menu_order":0,"comment_status":"closed","ping_status":"closed","template":"","meta":{"footnotes":""},"class_list":["post-427","page","type-page","status-publish"],"_links":{"self":[{"href":"https:\/\/stagingserver3.com\/Sunbeams\/wp-json\/wp\/v2\/pages\/427","targetHints":{"allow":["GET"]}}],"collection":[{"href":"https:\/\/stagingserver3.com\/Sunbeams\/wp-json\/wp\/v2\/pages"}],"about":[{"href":"https:\/\/stagingserver3.com\/Sunbeams\/wp-json\/wp\/v2\/types\/page"}],"author":[{"embeddable":true,"href":"https:\/\/stagingserver3.com\/Sunbeams\/wp-json\/wp\/v2\/users\/1"}],"replies":[{"embeddable":true,"href":"https:\/\/stagingserver3.com\/Sunbeams\/wp-json\/wp\/v2\/comments?post=427"}],"version-history":[{"count":11,"href":"https:\/\/stagingserver3.com\/Sunbeams\/wp-json\/wp\/v2\/pages\/427\/revisions"}],"predecessor-version":[{"id":447,"href":"https:\/\/stagingserver3.com\/Sunbeams\/wp-json\/wp\/v2\/pages\/427\/revisions\/447"}],"wp:attachment":[{"href":"https:\/\/stagingserver3.com\/Sunbeams\/wp-json\/wp\/v2\/media?parent=427"}],"curies":[{"name":"wp","href":"https:\/\/api.w.org\/{rel}","templated":true}]}}