

{"id":388,"date":"2023-08-29T18:58:46","date_gmt":"2023-08-29T18:58:46","guid":{"rendered":"https:\/\/stagingserver3.com\/lorraine\/?page_id=388"},"modified":"2023-08-29T18:58:46","modified_gmt":"2023-08-29T18:58:46","slug":"visites-privees-de-la-region-viticole","status":"publish","type":"page","link":"https:\/\/stagingserver3.com\/lorraine\/visites-privees-de-la-region-viticole\/","title":{"rendered":"Visites priv\u00e9es de la r\u00e9gion viticole\u2026"},"content":{"rendered":"[vc_row type=&#8221;in_container&#8221; full_screen_row_position=&#8221;middle&#8221; column_margin=&#8221;default&#8221; column_direction=&#8221;default&#8221; column_direction_tablet=&#8221;default&#8221; column_direction_phone=&#8221;default&#8221; scene_position=&#8221;center&#8221; text_color=&#8221;dark&#8221; text_align=&#8221;left&#8221; row_border_radius=&#8221;none&#8221; row_border_radius_applies=&#8221;bg&#8221; overflow=&#8221;visible&#8221; overlay_strength=&#8221;0.3&#8243; gradient_direction=&#8221;left_to_right&#8221; shape_divider_position=&#8221;bottom&#8221; bg_image_animation=&#8221;none&#8221;][vc_column column_padding=&#8221;no-extra-padding&#8221; column_padding_tablet=&#8221;inherit&#8221; column_padding_phone=&#8221;inherit&#8221; column_padding_position=&#8221;all&#8221; column_element_direction_desktop=&#8221;default&#8221; column_element_spacing=&#8221;default&#8221; desktop_text_alignment=&#8221;default&#8221; tablet_text_alignment=&#8221;default&#8221; phone_text_alignment=&#8221;default&#8221; background_color_opacity=&#8221;1&#8243; background_hover_color_opacity=&#8221;1&#8243; column_backdrop_filter=&#8221;none&#8221; column_shadow=&#8221;none&#8221; column_border_radius=&#8221;none&#8221; column_link_target=&#8221;_self&#8221; column_position=&#8221;default&#8221; gradient_direction=&#8221;left_to_right&#8221; overlay_strength=&#8221;0.3&#8243; width=&#8221;1\/2&#8243; tablet_width_inherit=&#8221;default&#8221; animation_type=&#8221;default&#8221; bg_image_animation=&#8221;none&#8221; border_type=&#8221;simple&#8221; column_border_width=&#8221;none&#8221; column_border_style=&#8221;solid&#8221;][vc_column_text]<strong>&#8220;Le vin est de la po\u00e9sie en bouteille&#8221;. .<\/strong> .<\/p>\n<p>Il y a plus de 500 \u00e9tablissements vinicoles couvrant les vall\u00e9es viticoles. Les destinations peuvent inclure des \u00e9tablissements vinicoles dans les vall\u00e9es de Napa, Sonoma, Carneros et Dry Creek\/Alexander. Les collines vallonn\u00e9es et les belles salles de d\u00e9gustation vous s\u00e9duiront.<\/p>\n<p>Faites-moi savoir si vous pr\u00e9f\u00e9rez une visite de cave de vins ou une d\u00e9gustation. Les visites peuvent durer de 60 \u00e0 90 minutes et peut co\u00fbter plus cher. Les visites comprennent des d\u00e9gustations.<\/p>\n<p>Je pr\u00e9f\u00e8re emmener les gens dans des \u00e9tablissements vinicoles qui n\u00e9cessitent des rendez-vous. Vous obtenez une attention plus personnalis\u00e9e et les foules peuvent \u00eatre plus petites. Les prix des visites, d\u00e9gustations et repas sont en sus. Des heures suppl\u00e9mentaires peuvent \u00eatre ajout\u00e9es \u00e0 95 $\/heure.<\/p>\n<p>*Les prix sont plus \u00e9lev\u00e9s pour les visites r\u00e9serv\u00e9es par les concierges d&#8217;h\u00f4tel et les agents de voyage.<\/p>\n<p>Ce ne sont l\u00e0 que quelques-uns des vignobles. Faites-moi part des vignobles que vous aimeriez visiter.<\/p>\n<p>La vall\u00e9e de Napa- Les \u00e9tablissements vinicoles peuvent inclure &#8211; Cakebread, Failla, Mumm, Hess Collection, Darioush, Saintsbury, Inglenook, Far Niente, Bell, Sullivan, Regusci, Hall Rutherford, Robert Mondavi, Nickel &amp; Nickel et Miner, entre autres.<\/p>\n<p>8,5 heures &#8211; $795. Les frais de cave et les repas, y compris le guide, sont en sus<\/p>\n<p>.Vall\u00e9e de Sonoma \u2013 Les vignobles peuvent inclure Saintsbury, Benziger, Hanzell, Valley of the Moon, Buena Vista, Nicholson Ranch et Bartholomew Park, entre autres.<\/p>\n<p>7 heures &#8211; $675. Les frais de cave et les repas sont en sus.<\/p>\n<p>Dry Creek Valley \/ Alexander Valley \/ R\u00e9gion de Healdsburg Les vignobles peuvent inclure Jordan, Bella, Passalacqua, Lambert Bridge, Mauritson, Papapietro Perry, A.Rafanelli, Michel-Schlumberger et Medlock Ames, entre autres. 7h30 \u2013 725.[\/vc_column_text][\/vc_column][vc_column column_padding=&#8221;no-extra-padding&#8221; column_padding_tablet=&#8221;inherit&#8221; column_padding_phone=&#8221;inherit&#8221; column_padding_position=&#8221;all&#8221; column_element_direction_desktop=&#8221;default&#8221; column_element_spacing=&#8221;default&#8221; desktop_text_alignment=&#8221;default&#8221; tablet_text_alignment=&#8221;default&#8221; phone_text_alignment=&#8221;default&#8221; background_color_opacity=&#8221;1&#8243; background_hover_color_opacity=&#8221;1&#8243; column_backdrop_filter=&#8221;none&#8221; column_shadow=&#8221;none&#8221; column_border_radius=&#8221;none&#8221; column_link_target=&#8221;_self&#8221; column_position=&#8221;default&#8221; gradient_direction=&#8221;left_to_right&#8221; overlay_strength=&#8221;0.3&#8243; width=&#8221;1\/2&#8243; tablet_width_inherit=&#8221;default&#8221; animation_type=&#8221;default&#8221; bg_image_animation=&#8221;none&#8221; border_type=&#8221;simple&#8221; column_border_width=&#8221;none&#8221; column_border_style=&#8221;solid&#8221;][image_with_animation image_url=&#8221;390&#8243; image_size=&#8221;full&#8221; animation_type=&#8221;entrance&#8221; animation=&#8221;None&#8221; animation_movement_type=&#8221;transform_y&#8221; hover_animation=&#8221;none&#8221; alignment=&#8221;&#8221; border_radius=&#8221;none&#8221; box_shadow=&#8221;none&#8221; image_loading=&#8221;default&#8221; max_width=&#8221;100%&#8221; max_width_mobile=&#8221;default&#8221;][\/vc_column][\/vc_row]\n","protected":false},"excerpt":{"rendered":"<p>[vc_row type=&#8221;in_container&#8221; full_screen_row_position=&#8221;middle&#8221; column_margin=&#8221;default&#8221; column_direction=&#8221;default&#8221; column_direction_tablet=&#8221;default&#8221; column_direction_phone=&#8221;default&#8221; scene_position=&#8221;center&#8221; text_color=&#8221;dark&#8221; text_align=&#8221;left&#8221; row_border_radius=&#8221;none&#8221; row_border_radius_applies=&#8221;bg&#8221; overflow=&#8221;visible&#8221; overlay_strength=&#8221;0.3&#8243; gradient_direction=&#8221;left_to_right&#8221; shape_divider_position=&#8221;bottom&#8221; bg_image_animation=&#8221;none&#8221;][vc_column column_padding=&#8221;no-extra-padding&#8221; column_padding_tablet=&#8221;inherit&#8221; column_padding_phone=&#8221;inherit&#8221; column_padding_position=&#8221;all&#8221; column_element_direction_desktop=&#8221;default&#8221; column_element_spacing=&#8221;default&#8221; desktop_text_alignment=&#8221;default&#8221; tablet_text_alignment=&#8221;default&#8221; phone_text_alignment=&#8221;default&#8221; background_color_opacity=&#8221;1&#8243; background_hover_color_opacity=&#8221;1&#8243; column_backdrop_filter=&#8221;none&#8221; column_shadow=&#8221;none&#8221;&#8230;<\/p>\n","protected":false},"author":1,"featured_media":0,"parent":0,"menu_order":0,"comment_status":"closed","ping_status":"closed","template":"","meta":{"footnotes":""},"class_list":["post-388","page","type-page","status-publish"],"acf":[],"_links":{"self":[{"href":"https:\/\/stagingserver3.com\/lorraine\/wp-json\/wp\/v2\/pages\/388","targetHints":{"allow":["GET"]}}],"collection":[{"href":"https:\/\/stagingserver3.com\/lorraine\/wp-json\/wp\/v2\/pages"}],"about":[{"href":"https:\/\/stagingserver3.com\/lorraine\/wp-json\/wp\/v2\/types\/page"}],"author":[{"embeddable":true,"href":"https:\/\/stagingserver3.com\/lorraine\/wp-json\/wp\/v2\/users\/1"}],"replies":[{"embeddable":true,"href":"https:\/\/stagingserver3.com\/lorraine\/wp-json\/wp\/v2\/comments?post=388"}],"version-history":[{"count":1,"href":"https:\/\/stagingserver3.com\/lorraine\/wp-json\/wp\/v2\/pages\/388\/revisions"}],"predecessor-version":[{"id":391,"href":"https:\/\/stagingserver3.com\/lorraine\/wp-json\/wp\/v2\/pages\/388\/revisions\/391"}],"wp:attachment":[{"href":"https:\/\/stagingserver3.com\/lorraine\/wp-json\/wp\/v2\/media?parent=388"}],"curies":[{"name":"wp","href":"https:\/\/api.w.org\/{rel}","templated":true}]}}