

{"id":393,"date":"2023-08-29T19:08:07","date_gmt":"2023-08-29T19:08:07","guid":{"rendered":"https:\/\/stagingserver3.com\/lorraine\/?page_id=393"},"modified":"2023-08-29T19:08:07","modified_gmt":"2023-08-29T19:08:07","slug":"visites-guidees-privatives-sur-mesures","status":"publish","type":"page","link":"https:\/\/stagingserver3.com\/lorraine\/visites-guidees-privatives-sur-mesures\/","title":{"rendered":"VISITES GUID\u00c9ES PRIVATIVES SUR MESURES"},"content":{"rendered":"[vc_row type=&#8221;in_container&#8221; full_screen_row_position=&#8221;middle&#8221; column_margin=&#8221;default&#8221; equal_height=&#8221;yes&#8221; column_direction=&#8221;default&#8221; column_direction_tablet=&#8221;default&#8221; column_direction_phone=&#8221;default&#8221; scene_position=&#8221;center&#8221; text_color=&#8221;dark&#8221; text_align=&#8221;left&#8221; row_border_radius=&#8221;none&#8221; row_border_radius_applies=&#8221;bg&#8221; overflow=&#8221;visible&#8221; overlay_strength=&#8221;0.3&#8243; gradient_direction=&#8221;left_to_right&#8221; shape_divider_position=&#8221;bottom&#8221; bg_image_animation=&#8221;none&#8221; gradient_type=&#8221;default&#8221; shape_type=&#8221;&#8221;][vc_column column_padding=&#8221;no-extra-padding&#8221; column_padding_tablet=&#8221;inherit&#8221; column_padding_phone=&#8221;inherit&#8221; column_padding_position=&#8221;all&#8221; column_element_direction_desktop=&#8221;default&#8221; column_element_spacing=&#8221;default&#8221; desktop_text_alignment=&#8221;default&#8221; tablet_text_alignment=&#8221;default&#8221; phone_text_alignment=&#8221;default&#8221; background_color_opacity=&#8221;1&#8243; background_hover_color_opacity=&#8221;1&#8243; column_backdrop_filter=&#8221;none&#8221; column_shadow=&#8221;none&#8221; column_border_radius=&#8221;none&#8221; column_link_target=&#8221;_self&#8221; column_position=&#8221;default&#8221; gradient_direction=&#8221;left_to_right&#8221; overlay_strength=&#8221;0.3&#8243; width=&#8221;1\/2&#8243; tablet_width_inherit=&#8221;default&#8221; animation_type=&#8221;default&#8221; bg_image_animation=&#8221;none&#8221; border_type=&#8221;simple&#8221; column_border_width=&#8221;none&#8221; column_border_style=&#8221;solid&#8221;][vc_column_text]<strong>QUELQUES EXEMPLES DE VISITES R\u00c9ALISABLES SUR MESURE OU PORTANT SUR DES R\u00c9GIONS NON MENTIONN\u00c9S PAR NOS VISITES GUID\u00c9ES R\u00c9GULI\u00c8RES<\/strong><\/p>\n<p>Ces visites sont accessibles sur simple demande.<\/p>\n<p>G\u00e9n\u00e9ralement, la dur\u00e9e de ces visites est d\u2019environ 4 h \u00e0 7 h de dur\u00e9e selon votre budget mais nous pouvons ajuster les parcours et les contenus au plus pr\u00e8s de vos envies, le cas \u00e9ch\u00e9ant.\u2028S\u2019agissant de prestations exceptionnelles, personnalisables et r\u00e9alis\u00e9es \u00e0 la demande. La tarification se fait uniquement sur devis, en fonction de la nature et de la dur\u00e9e des visites.\u2028Ces visites peuvent \u00eatre r\u00e9serv\u00e9es \u00e0 n\u2019importe quelle date, sous r\u00e9serve de disponibilit\u00e9 d\u2019un(e) guide.<\/p>\n<p>Pour plus d\u2019informations sur le contenu et le d\u00e9roul\u00e9 de ces visites, n\u2019h\u00e9sitez pas \u00e0 nous contacter<\/p>\n<p>&nbsp;<\/p>\n<p>VISITE GUID\u00c9E PRIVATIVE :<\/p>\n<p><strong>\u00a0VISITE MUIR WOODS, SAUSALITO ET TRAVERS\u00c9E DE LA BAIE DE SAN FRANCISCO<\/strong>.7h<\/p>\n<p><strong>VISITE DES VALL\u00c9ES DE SONOMA OU DE NAPA DUR\u00c9E <\/strong><\/p>\n<p>4 h A 7h \u00e0 discuter<\/p>\n<p><strong>VISITE DU CAMPUS DE L<\/strong><strong>\u2019<\/strong><strong>UNIVERSIT\u00c9 DE STANFORD. <\/strong><\/p>\n<p>A partir de 4h \u00e0 discuter selon vos int\u00e9r\u00eats.<\/p>\n<p><strong>VISITE A GOOGLE ET SILICON VALLEY7h<\/strong><\/p>\n<p>Un prix vous sera pr\u00e9senter sur demandes. Le prix sera \u00e9tablie selon vos besoins pour transport et grandeur du groupe. C\u2019est moins cher si vous louer votre propre voiture de location pour le parcours pour la journ\u00e9e. Nous pouvons aussi r\u00e9server un chauffeur. Le tarif de transport sera \u00e9tabli selon la grandeur du groupe, grandeur du v\u00e9hicule et dur\u00e9e du parcours. ie SUV 5 pax max, Limousine 8 pax, Mini bus 12 pax[\/vc_column_text][\/vc_column][vc_column column_padding=&#8221;no-extra-padding&#8221; column_padding_tablet=&#8221;inherit&#8221; column_padding_phone=&#8221;inherit&#8221; column_padding_position=&#8221;all&#8221; column_element_direction_desktop=&#8221;default&#8221; column_element_spacing=&#8221;default&#8221; centered_text=&#8221;true&#8221; desktop_text_alignment=&#8221;default&#8221; tablet_text_alignment=&#8221;default&#8221; phone_text_alignment=&#8221;default&#8221; sticky_content=&#8221;true&#8221; sticky_content_functionality=&#8221;js&#8221; background_color_opacity=&#8221;1&#8243; background_hover_color_opacity=&#8221;1&#8243; column_backdrop_filter=&#8221;none&#8221; column_shadow=&#8221;none&#8221; column_border_radius=&#8221;none&#8221; column_link_target=&#8221;_self&#8221; column_position=&#8221;default&#8221; boxed=&#8221;true&#8221; gradient_direction=&#8221;left_to_right&#8221; overlay_strength=&#8221;0.3&#8243; width=&#8221;1\/2&#8243; tablet_width_inherit=&#8221;default&#8221; animation_type=&#8221;default&#8221; bg_image_animation=&#8221;none&#8221; border_type=&#8221;simple&#8221; column_border_width=&#8221;none&#8221; column_border_style=&#8221;solid&#8221; column_padding_type=&#8221;default&#8221; gradient_type=&#8221;default&#8221;][image_with_animation image_url=&#8221;394&#8243; image_size=&#8221;full&#8221; animation_type=&#8221;entrance&#8221; animation=&#8221;None&#8221; animation_movement_type=&#8221;transform_y&#8221; hover_animation=&#8221;none&#8221; alignment=&#8221;&#8221; border_radius=&#8221;none&#8221; box_shadow=&#8221;none&#8221; image_loading=&#8221;default&#8221; max_width=&#8221;100%&#8221; max_width_mobile=&#8221;default&#8221;][\/vc_column][\/vc_row]\n","protected":false},"excerpt":{"rendered":"<p>[vc_row type=&#8221;in_container&#8221; full_screen_row_position=&#8221;middle&#8221; column_margin=&#8221;default&#8221; equal_height=&#8221;yes&#8221; column_direction=&#8221;default&#8221; column_direction_tablet=&#8221;default&#8221; column_direction_phone=&#8221;default&#8221; scene_position=&#8221;center&#8221; text_color=&#8221;dark&#8221; text_align=&#8221;left&#8221; row_border_radius=&#8221;none&#8221; row_border_radius_applies=&#8221;bg&#8221; overflow=&#8221;visible&#8221; overlay_strength=&#8221;0.3&#8243; gradient_direction=&#8221;left_to_right&#8221; shape_divider_position=&#8221;bottom&#8221; bg_image_animation=&#8221;none&#8221; gradient_type=&#8221;default&#8221; shape_type=&#8221;&#8221;][vc_column column_padding=&#8221;no-extra-padding&#8221; column_padding_tablet=&#8221;inherit&#8221; column_padding_phone=&#8221;inherit&#8221; column_padding_position=&#8221;all&#8221; column_element_direction_desktop=&#8221;default&#8221; column_element_spacing=&#8221;default&#8221; desktop_text_alignment=&#8221;default&#8221; tablet_text_alignment=&#8221;default&#8221; phone_text_alignment=&#8221;default&#8221; background_color_opacity=&#8221;1&#8243;&#8230;<\/p>\n","protected":false},"author":1,"featured_media":0,"parent":0,"menu_order":0,"comment_status":"closed","ping_status":"closed","template":"","meta":{"footnotes":""},"class_list":["post-393","page","type-page","status-publish"],"acf":[],"_links":{"self":[{"href":"https:\/\/stagingserver3.com\/lorraine\/wp-json\/wp\/v2\/pages\/393","targetHints":{"allow":["GET"]}}],"collection":[{"href":"https:\/\/stagingserver3.com\/lorraine\/wp-json\/wp\/v2\/pages"}],"about":[{"href":"https:\/\/stagingserver3.com\/lorraine\/wp-json\/wp\/v2\/types\/page"}],"author":[{"embeddable":true,"href":"https:\/\/stagingserver3.com\/lorraine\/wp-json\/wp\/v2\/users\/1"}],"replies":[{"embeddable":true,"href":"https:\/\/stagingserver3.com\/lorraine\/wp-json\/wp\/v2\/comments?post=393"}],"version-history":[{"count":1,"href":"https:\/\/stagingserver3.com\/lorraine\/wp-json\/wp\/v2\/pages\/393\/revisions"}],"predecessor-version":[{"id":395,"href":"https:\/\/stagingserver3.com\/lorraine\/wp-json\/wp\/v2\/pages\/393\/revisions\/395"}],"wp:attachment":[{"href":"https:\/\/stagingserver3.com\/lorraine\/wp-json\/wp\/v2\/media?parent=393"}],"curies":[{"name":"wp","href":"https:\/\/api.w.org\/{rel}","templated":true}]}}