

{"id":254,"date":"2023-07-10T15:56:43","date_gmt":"2023-07-10T15:56:43","guid":{"rendered":"https:\/\/stagingserver3.com\/lorraine\/?post_type=product&#038;p=254"},"modified":"2023-08-28T22:01:22","modified_gmt":"2023-08-28T22:01:22","slug":"au-coeur-du-san-francisco-artistique-et-alternatif","status":"publish","type":"product","link":"https:\/\/stagingserver3.com\/lorraine\/product\/au-coeur-du-san-francisco-artistique-et-alternatif\/","title":{"rendered":"AU C\u0152UR DU SAN FRANCISCO ARTISTIQUE ET ALTERNATIF"},"content":{"rendered":"<p>Partez \u00e0 la d\u00e9couverte de la Mission, un quartier au bouillonnement culturel et artistique incomparable. Cette r\u00e9gion est c\u00e9l\u00e8bre pour son micro climat ensoleill\u00e9, ses maisons victoriennes et ses fresques murales. Nous vous expliquerons comment ces peintures murales d\u00e9peignent le San Francisco d\u2019aujourd\u2019hui, entre attachement \u00e0 ses racines historiques latines. The Women\u2019s Building, l\u2019un des fleurons de ce mouvement artistique. Vous d\u00e9couvrez les 2 faces du quartier : Mission Street et Valencia Street ou l\u2019ouverture au monde des soci\u00e9t\u00e9s high-tech de la baie\u2026d\u00e9but\u00e9s depuis d\u00e9j\u00e0 les ann\u00e9es 1990\u2019s Puis en arrivant dans le quartier mythique du Castro vous vous trouvez devant la c\u00e9l\u00e8bre Maison Bleue de la chanson de l\u2019artiste fran\u00e7ais Maxime Le Forestier. Votre guide vous en raconte l&#8217;histoire et vous pr\u00e9sente les personnalit\u00e9s marquantes du mouvement LGBT. Castro\u202f: le premier quartier gay des USA\u202f! vous comprendrez comment le Castro est un lieu de vie unique et haut en couleur. Une visite atypique pour s\u2019impr\u00e9gner d\u2019un San Francisco \u00e0 la crois\u00e9e des mondes.\u2028Cette visite vous permettra de comprendre les dynamiques culturelles et sociales en cours dans ces deux quartiers authentiques et peu touristiques.<\/p>\n","protected":false},"excerpt":{"rendered":"<p><strong>AU C\u0152UR DU SAN FRANCISCO ARTISTIQUE ET ALTERNATIF French PARTEZ \u00c0 LA D\u00c9COUVERTE DE DEUX QUARTIERS INSOLITES ET HAUTS EN COULEUR\u202f: MISSION DISTRICT ET CASTRO DISTRICT. <\/strong><\/p>\n","protected":false},"featured_media":256,"comment_status":"open","ping_status":"closed","template":"","meta":[],"product_cat":[21],"product_tag":[],"class_list":{"0":"post-254","1":"product","2":"type-product","3":"status-publish","4":"has-post-thumbnail","6":"product_cat-other-activities","7":"tm-has-options"},"acf":[],"_links":{"self":[{"href":"https:\/\/stagingserver3.com\/lorraine\/wp-json\/wp\/v2\/product\/254","targetHints":{"allow":["GET"]}}],"collection":[{"href":"https:\/\/stagingserver3.com\/lorraine\/wp-json\/wp\/v2\/product"}],"about":[{"href":"https:\/\/stagingserver3.com\/lorraine\/wp-json\/wp\/v2\/types\/product"}],"replies":[{"embeddable":true,"href":"https:\/\/stagingserver3.com\/lorraine\/wp-json\/wp\/v2\/comments?post=254"}],"wp:featuredmedia":[{"embeddable":true,"href":"https:\/\/stagingserver3.com\/lorraine\/wp-json\/wp\/v2\/media\/256"}],"wp:attachment":[{"href":"https:\/\/stagingserver3.com\/lorraine\/wp-json\/wp\/v2\/media?parent=254"}],"wp:term":[{"taxonomy":"product_cat","embeddable":true,"href":"https:\/\/stagingserver3.com\/lorraine\/wp-json\/wp\/v2\/product_cat?post=254"},{"taxonomy":"product_tag","embeddable":true,"href":"https:\/\/stagingserver3.com\/lorraine\/wp-json\/wp\/v2\/product_tag?post=254"}],"curies":[{"name":"wp","href":"https:\/\/api.w.org\/{rel}","templated":true}]}}