

{"id":273,"date":"2023-07-10T17:16:31","date_gmt":"2023-07-10T17:16:31","guid":{"rendered":"https:\/\/stagingserver3.com\/lorraine\/?post_type=product&#038;p=273"},"modified":"2023-07-11T20:35:06","modified_gmt":"2023-07-11T20:35:06","slug":"la-baie-de-san-francisco-a-velo","status":"publish","type":"product","link":"https:\/\/stagingserver3.com\/lorraine\/product\/la-baie-de-san-francisco-a-velo\/","title":{"rendered":"LA BAIE DE SAN FRANCISCO \u00c0 V\u00c9LO"},"content":{"rendered":"<p>Cette visite \u00e0 v\u00e9lo vous permettra de d\u00e9couvrir San Francisco avec un vrai sentiment de libert\u00e9.<\/p>\n<p>Vous quitterez la saveur des caf\u00e9s et le romantisme de North Beach pour longer la baie de San Francisco et d\u00e9couvrir ses plus remarquables points de vue.<br \/>\nNous vous permettrons d\u2019appr\u00e9hender la richesse historique et culturelle de la c\u00f4te jusqu\u2019au plus c\u00e9l\u00e8bre des ponts\u202f: le Golden Gate Bridge.<\/p>\n<p>De nombreux arr\u00eats sont \u00e9videmment au programme de cette visite. Vous aurez ainsi l\u2019occasion d\u2019apercevoir la c\u00e9l\u00e8bre prison d\u2019Alcatraz, et les non moins c\u00e9l\u00e8bres lions de mers qui s\u2019\u00e9brouent sur la jet\u00e9e\u202f! Vous d\u00e9couvrirez le Mus\u00e9e M\u00e9canique (un mus\u00e9e interactif qui concentre un nombre incroyable d\u2019automates de forains, machines \u00e0 sous, bornes d\u2019arcade\u2026), Aquatic Park Cove, Fort Mason, la marina et les panoramas d\u2019exception qui vous attendent \u00e0 Crissy Field et Torpedo Wharf\u2026<br \/>\nSur la route du retour, un arr\u00eat au Palace of Fine Arts vous plongera dans le San Francisco des ann\u00e9es 1920 avant de retrouver le quartier de Fisherman\u2019s Wharf.<\/p>\n","protected":false},"excerpt":{"rendered":"<p>OFFREZ-VOUS UN GRAND BOL D\u2019AIR FRAIS ET PROFITEZ DE VUES EXCEPTIONNELLES SUR LA BAIE DE SAN FRANCISCO ET LE GOLDEN GATE BRIDGE\u202f!<\/p>\n","protected":false},"featured_media":274,"comment_status":"open","ping_status":"closed","template":"","meta":[],"product_cat":[21],"product_tag":[],"class_list":{"0":"post-273","1":"product","2":"type-product","3":"status-publish","4":"has-post-thumbnail","6":"product_cat-other-activities","7":"tm-has-options"},"acf":[],"_links":{"self":[{"href":"https:\/\/stagingserver3.com\/lorraine\/wp-json\/wp\/v2\/product\/273","targetHints":{"allow":["GET"]}}],"collection":[{"href":"https:\/\/stagingserver3.com\/lorraine\/wp-json\/wp\/v2\/product"}],"about":[{"href":"https:\/\/stagingserver3.com\/lorraine\/wp-json\/wp\/v2\/types\/product"}],"replies":[{"embeddable":true,"href":"https:\/\/stagingserver3.com\/lorraine\/wp-json\/wp\/v2\/comments?post=273"}],"wp:featuredmedia":[{"embeddable":true,"href":"https:\/\/stagingserver3.com\/lorraine\/wp-json\/wp\/v2\/media\/274"}],"wp:attachment":[{"href":"https:\/\/stagingserver3.com\/lorraine\/wp-json\/wp\/v2\/media?parent=273"}],"wp:term":[{"taxonomy":"product_cat","embeddable":true,"href":"https:\/\/stagingserver3.com\/lorraine\/wp-json\/wp\/v2\/product_cat?post=273"},{"taxonomy":"product_tag","embeddable":true,"href":"https:\/\/stagingserver3.com\/lorraine\/wp-json\/wp\/v2\/product_tag?post=273"}],"curies":[{"name":"wp","href":"https:\/\/api.w.org\/{rel}","templated":true}]}}