

{"id":305,"date":"2023-07-10T18:38:47","date_gmt":"2023-07-10T18:38:47","guid":{"rendered":"https:\/\/stagingserver3.com\/lorraine\/?post_type=product&#038;p=305"},"modified":"2023-08-28T22:05:19","modified_gmt":"2023-08-28T22:05:19","slug":"le-golden-gate-bridge-et-sausalito-a-velo-electrique","status":"publish","type":"product","link":"https:\/\/stagingserver3.com\/lorraine\/product\/le-golden-gate-bridge-et-sausalito-a-velo-electrique\/","title":{"rendered":"Visite Guid\u00e9e Du Fisherman\u2019s Wharf \u00e0 Crissy Fields au Golden G\u00e2te Bridge French"},"content":{"rendered":"<p>Votre guide vient vous chercher \u00e0 votre h\u00f4tel ou \u00e0 tout autre endroit convenu lors de la r\u00e9servation.\u2028Avec cette visite guid\u00e9e en fran\u00e7ais vous profiterez de tout ce que le quartier de Fisherman&#8217;s Wharf a \u00e0 vous offrir :\u00a0Pier 39 lions de mer, otaries, animateurs de toutes les \u00e9poques. .. tr\u00e8s dr\u00f4le. On s\u2019imagine \u00e0 Disney Land! Vous passerez l\u00e0 o\u00f9 les t\u00e9l\u00e9ph\u00e9riques classiques sont gar\u00e9s devant Aquatic Cove et le c\u00e9l\u00e8bre caf\u00e9 Buena Vista avec sa plage et sa promenade le long de la baie de San Francisco. Visitez la c\u00e9l\u00e8bre chocolaterie de San Francisco, aujourd&#8217;hui mus\u00e9e &#8220;Ghirardelli Square&#8221; situ\u00e9 \u00e0 l&#8217;un des vues la plus photog\u00e9nique de la baie de San Francisco. Si le temps le permet profitez d&#8217;une d\u00e9monstration de fabrication de chocolat, d&#8217;un mus\u00e9e gratuit, d&#8217;un arr\u00eat chocolat chaud ou pause caf\u00e9 ? Vous vous rendrez ensuite aux Marina Greens.<\/p>\n<p>Le long de l&#8217;estuaire, vous serez aux premi\u00e8res loges pour observer la faune locale : otaries, p\u00e9licans, h\u00e9rons, oies sauvages, et parfois m\u00eame baleines ! Vous d\u00e9couvrirez \u00e9galement de nombreuses p\u00e9pites architecturales qui ont fa\u00e7onn\u00e9 l&#8217;histoire de la ville : les anciens forts espagnols, le Presidio le joyau de San Francisco ; Palais des Beaux-Arts, ou visitez les maisons V\u00e9nitiennes avec une vue imprenable sur la baie et votre premier aper\u00e7u du c\u00e9l\u00e8bre Golden Gate Bridge et des palais de Pacific Heights.<\/p>\n<p>Le prochain stop vous am\u00e8ne \u00e0 l\u2019entr\u00e9e du pont ou en vous promenant sur le pont, vous aurez des vues spectaculaires c\u00f4t\u00e9 Oc\u00e9an Pacifique\u00a0et c\u00f4t\u00e9\u00a0Baie de San Francisco\u00a0avec ses \u00eeles comme\u00a0Alcatraz, Angel Island, Treasure Island, Marin County et le Bay Bridge A la fin du tour le guide vous raccompagnera ou vous indiquera comment rejoindre votre h\u00f4tel. Il vous donnera aussi des informations pour la poursuite de votre d\u00e9couverte de San Francisco.<\/p>\n","protected":false},"excerpt":{"rendered":"<p><strong>PARTEZ \u00c0 L&#8217;AVENTURE LE TEMPS D&#8217;UNE JOURN\u00c9E DANS LA BAIE DE SAN FRANCISCO\u202f!<\/strong><\/p>\n","protected":false},"featured_media":306,"comment_status":"open","ping_status":"closed","template":"","meta":[],"product_cat":[20],"product_tag":[],"class_list":{"0":"post-305","1":"product","2":"type-product","3":"status-publish","4":"has-post-thumbnail","6":"product_cat-discover-our-guide-tours","7":"tm-no-options"},"acf":[],"_links":{"self":[{"href":"https:\/\/stagingserver3.com\/lorraine\/wp-json\/wp\/v2\/product\/305","targetHints":{"allow":["GET"]}}],"collection":[{"href":"https:\/\/stagingserver3.com\/lorraine\/wp-json\/wp\/v2\/product"}],"about":[{"href":"https:\/\/stagingserver3.com\/lorraine\/wp-json\/wp\/v2\/types\/product"}],"replies":[{"embeddable":true,"href":"https:\/\/stagingserver3.com\/lorraine\/wp-json\/wp\/v2\/comments?post=305"}],"wp:featuredmedia":[{"embeddable":true,"href":"https:\/\/stagingserver3.com\/lorraine\/wp-json\/wp\/v2\/media\/306"}],"wp:attachment":[{"href":"https:\/\/stagingserver3.com\/lorraine\/wp-json\/wp\/v2\/media?parent=305"}],"wp:term":[{"taxonomy":"product_cat","embeddable":true,"href":"https:\/\/stagingserver3.com\/lorraine\/wp-json\/wp\/v2\/product_cat?post=305"},{"taxonomy":"product_tag","embeddable":true,"href":"https:\/\/stagingserver3.com\/lorraine\/wp-json\/wp\/v2\/product_tag?post=305"}],"curies":[{"name":"wp","href":"https:\/\/api.w.org\/{rel}","templated":true}]}}