

{"id":348,"date":"2023-07-10T20:58:48","date_gmt":"2023-07-10T20:58:48","guid":{"rendered":"https:\/\/stagingserver3.com\/lorraine\/?post_type=product&#038;p=348"},"modified":"2023-08-31T22:13:45","modified_gmt":"2023-08-31T22:13:45","slug":"croisiere-et-pique-nique-sur-une-ile-dans-la-baie-de-san-francisco","status":"publish","type":"product","link":"https:\/\/stagingserver3.com\/lorraine\/product\/croisiere-et-pique-nique-sur-une-ile-dans-la-baie-de-san-francisco\/","title":{"rendered":"CROISI\u00c8RE ET PIQUE-NIQUE SUR UNE \u00ceLE DANS LA BAIE DE SAN FRANCISCO"},"content":{"rendered":"","protected":false},"excerpt":{"rendered":"<p><strong>D\u00c9COUVREZ LA BAIE DE SAN FRANCISCO \u00c0 L&#8217;OCCASION D&#8217;UNE EXCURSION PRIV\u00c9E M\u00caLANT PLAISIR ET D\u00c9TENTE\u202f!<\/strong><\/p>\n","protected":false},"featured_media":362,"comment_status":"open","ping_status":"closed","template":"","meta":[],"product_cat":[20],"product_tag":[],"class_list":{"0":"post-348","1":"product","2":"type-product","3":"status-publish","4":"has-post-thumbnail","6":"product_cat-discover-our-guide-tours","7":"tm-has-options"},"acf":[],"_links":{"self":[{"href":"https:\/\/stagingserver3.com\/lorraine\/wp-json\/wp\/v2\/product\/348","targetHints":{"allow":["GET"]}}],"collection":[{"href":"https:\/\/stagingserver3.com\/lorraine\/wp-json\/wp\/v2\/product"}],"about":[{"href":"https:\/\/stagingserver3.com\/lorraine\/wp-json\/wp\/v2\/types\/product"}],"replies":[{"embeddable":true,"href":"https:\/\/stagingserver3.com\/lorraine\/wp-json\/wp\/v2\/comments?post=348"}],"wp:featuredmedia":[{"embeddable":true,"href":"https:\/\/stagingserver3.com\/lorraine\/wp-json\/wp\/v2\/media\/362"}],"wp:attachment":[{"href":"https:\/\/stagingserver3.com\/lorraine\/wp-json\/wp\/v2\/media?parent=348"}],"wp:term":[{"taxonomy":"product_cat","embeddable":true,"href":"https:\/\/stagingserver3.com\/lorraine\/wp-json\/wp\/v2\/product_cat?post=348"},{"taxonomy":"product_tag","embeddable":true,"href":"https:\/\/stagingserver3.com\/lorraine\/wp-json\/wp\/v2\/product_tag?post=348"}],"curies":[{"name":"wp","href":"https:\/\/api.w.org\/{rel}","templated":true}]}}