

{"id":360,"date":"2023-07-11T16:26:16","date_gmt":"2023-07-11T16:26:16","guid":{"rendered":"https:\/\/stagingserver3.com\/lorraine\/?post_type=product&#038;p=360"},"modified":"2023-08-28T22:10:30","modified_gmt":"2023-08-28T22:10:30","slug":"accueil-personnalise-a-san-francisco","status":"publish","type":"product","link":"https:\/\/stagingserver3.com\/lorraine\/product\/accueil-personnalise-a-san-francisco\/","title":{"rendered":"ACCUEIL PERSONNALIS\u00c9 \u00c0 SAN FRANCISCO"},"content":{"rendered":"<p>Accueil \u00e0 votre arriv\u00e9e \u00e0 San Francisco, rencontre et entretien dans le salon de votre h\u00f4tel o\u00f9 dans un caf\u00e9 proche personnalis\u00e9 avec un(e) guide professionnel(le). Un \u00e9change de 90 minute, du sur-mesure selon votre exp\u00e9rience, vos go\u00fbts et votre rythme.<\/p>\n<p>&nbsp;<\/p>\n<p>Vous d\u00e9barquez \u00e0 San Francisco quand on n\u2019y a jamais mis les pieds peut se r\u00e9v\u00e9ler assez anxiog\u00e8ne. Oppress\u00e9 par le rythme d\u2019une ville am\u00e9ricaine o\u00f9 tout va plus vite qu\u2019ailleurs, les mouvements de la foule, le tumulte de la circulation, la barri\u00e8re de la langue, celle des USA et coutumes\u2026 il peut arriver qu\u2019on se sent perdu, d\u00e9pass\u00e9, et c\u2019est bien normal\u202f!\u2028C\u2019est pr\u00e9cis\u00e9ment pour cette raison que Tours de San Francisco se propose de vous accueillir \u00e0 San Francisco et de vous donner toutes les cl\u00e9s pour d\u00e9marrer votre s\u00e9jour du bon pied\u202f!<\/p>\n<p>&nbsp;<\/p>\n<p>Une conversation d\u00e9tendue dans le salon de votre h\u00f4tel ou dans un caf\u00e9 proche, vous donnera la dimension de la ville et tout ce qu\u2019il est possible de faire le temps de votre s\u00e9jour \u00e0 San Francisco et ses environs.\u00a0 Vous saurez comment vous d\u00e9placer, comment organiser les visites sur une journ\u00e9e, les quartiers o\u00f9 sortir, les restaurants, les excursions possibles dans les environs et \u00e9galement les questions d\u2019ordre pratique sur l\u2019argent, les taxes appliqu\u00e9es dans les magasins laisser un pourboire (quand\u202f? combien\u202f?shopping, etc.<\/p>\n<p>&nbsp;<\/p>\n<p>Comment acheter un billet et se d\u00e9placer (t\u00e9l\u00e9ph\u00e9rique, bus, m\u00e9tro, taxi, ferry, tram, etc.).<\/p>\n<p>Vous \u00e9changez en toute libert\u00e9 sur les sujets qui vous int\u00e9ressent et votre guide s&#8217;engage \u00e0 r\u00e9pondre \u00e0 toutes vos questions concernant votre visite \u00e0 San Francisco.\u00a0 Partager ensemble info sur des visites guid\u00e9es sur mesure non mentionn\u00e9s dans les forfaits du catalogue de visites mentionn\u00e9s.\u00a0 Nous pouvons vous recommander des excursions \u00e0 Alcatraz, des visites avec chauffeur dans la r\u00e9gion viticole de Sonoma et Napa, des visites de la r\u00e9gion de technologie de la Silicon Valley, des visites \u00e0 Sausalito (le Monaco de la Californie), Muir Woods avec ses majestueux s\u00e9quoias.<\/p>\n<p>&nbsp;<\/p>\n<p>&nbsp;<\/p>\n<p>Apr\u00e8s ce briefing en fran\u00e7ais il peut \u00eatre suivi d&#8217;une balade\/visite guid\u00e9e au c\u0153ur de la ville de San Francisco, ou se faire prendre en charge d\u00e8s votre arriv\u00e9e \u00e0 l&#8217;a\u00e9roport, choisir la formule qui vous convient et laisser votre stress \u00e0 la maison!<\/p>\n<p>&nbsp;<\/p>\n<p>Acheter un titre de transport et comment se d\u00e9placer (cable car, bus, m\u00e9tro, taxi, ferry, tram\u2026).<\/p>\n<p>Apr\u00e8s ce briefing en fran\u00e7ais, peut \u00eatre suivi par une bref\u00a0 balade\/de quelques minutes dans la ville de San Francisco,\u00a0 o\u00f9 r\u00e9server un visite guid\u00e9e sur place si le guide est dispo\u00a0 ou m\u00eame prise en charge d\u00e8s votre arriv\u00e9e \u00e0 l\u2019a\u00e9roport, choisissez la formule qui vous convient et laissez votre stress \u00e0 la maison\u202f!<\/p>\n","protected":false},"excerpt":{"rendered":"<p><strong>UN GUIDE VOUS ACCUEILLE \u00c0 SAN FRANCISCO ET VOUS AIDE \u00c0 D\u00c9MARRER DU BON PIED !<\/strong><\/p>\n","protected":false},"featured_media":361,"comment_status":"open","ping_status":"closed","template":"","meta":[],"product_cat":[20],"product_tag":[],"class_list":{"0":"post-360","1":"product","2":"type-product","3":"status-publish","4":"has-post-thumbnail","6":"product_cat-discover-our-guide-tours","7":"tm-no-options"},"acf":[],"_links":{"self":[{"href":"https:\/\/stagingserver3.com\/lorraine\/wp-json\/wp\/v2\/product\/360","targetHints":{"allow":["GET"]}}],"collection":[{"href":"https:\/\/stagingserver3.com\/lorraine\/wp-json\/wp\/v2\/product"}],"about":[{"href":"https:\/\/stagingserver3.com\/lorraine\/wp-json\/wp\/v2\/types\/product"}],"replies":[{"embeddable":true,"href":"https:\/\/stagingserver3.com\/lorraine\/wp-json\/wp\/v2\/comments?post=360"}],"wp:featuredmedia":[{"embeddable":true,"href":"https:\/\/stagingserver3.com\/lorraine\/wp-json\/wp\/v2\/media\/361"}],"wp:attachment":[{"href":"https:\/\/stagingserver3.com\/lorraine\/wp-json\/wp\/v2\/media?parent=360"}],"wp:term":[{"taxonomy":"product_cat","embeddable":true,"href":"https:\/\/stagingserver3.com\/lorraine\/wp-json\/wp\/v2\/product_cat?post=360"},{"taxonomy":"product_tag","embeddable":true,"href":"https:\/\/stagingserver3.com\/lorraine\/wp-json\/wp\/v2\/product_tag?post=360"}],"curies":[{"name":"wp","href":"https:\/\/api.w.org\/{rel}","templated":true}]}}