

{"id":372,"date":"2023-08-28T21:45:41","date_gmt":"2023-08-28T21:45:41","guid":{"rendered":"https:\/\/stagingserver3.com\/lorraine\/?post_type=product&#038;p=372"},"modified":"2023-08-28T21:58:05","modified_gmt":"2023-08-28T21:58:05","slug":"les-quartiers-historiques-de-san-francisco","status":"publish","type":"product","link":"https:\/\/stagingserver3.com\/lorraine\/product\/les-quartiers-historiques-de-san-francisco\/","title":{"rendered":"LES QUARTIERS HISTORIQUES DE SAN FRANCISCO"},"content":{"rendered":"<p>Depuis Market Street, art\u00e8re principale de San Francisco, avec les si\u00e8ges de start-up c\u00e9l\u00e8bres, m\u00e9tro sous-terrains, nous vous r\u00e9v\u00e8lerons tous les secrets du Cable Car et du c\u0153ur de la ville\u202f: Union Square. Vous d\u00e9couvrirez le San Francisco historique d\u2019avant le grand tremblement de terre de 1906. Puis vous vivrez le caract\u00e8re unique du plus c\u00e9l\u00e8bre Chinatown des USA, entre temples, boutiques de souvenirs et ruelles typiques o\u00f9 se m\u00ealent merveilles architecturales, maison de th\u00e9 et senteurs d\u2019Orient. Apr\u00e8s vous passerez dans le quartier financier ou vous d\u00e9couvrirez les d\u00e9buts de l\u2019histoire de la fameuse Ru\u00e9e vers l\u2019Or en 1848. Le parcours vous am\u00e8ne vers le somptueux Ferry Building. Enfin, la visite se poursuivra jusqu\u2019aux c\u00e9l\u00e8bres piers de l\u2019Embarcadero, , Fisherman\u2019s Wharf, avec de superbes vues panoramiques sur la baie, Alcatraz et du c\u00e9l\u00e8bre , l\u2019embl\u00e8me de San Francisco et de la Californie.<\/p>\n","protected":false},"excerpt":{"rendered":"<p><strong>LES QUARTIERS HISTORIQUES DE SAN FRANCISCO UNION SQUARE AU PIERS \u00c0 FISHERMAN\u2019S WHARF , LA VILLE LA PLUS MULTI-CULTURELLE des USA French <\/strong><\/p>\n","protected":false},"featured_media":147,"comment_status":"open","ping_status":"closed","template":"","meta":[],"product_cat":[21],"product_tag":[],"class_list":{"0":"post-372","1":"product","2":"type-product","3":"status-publish","4":"has-post-thumbnail","6":"product_cat-other-activities","7":"tm-has-options"},"acf":[],"_links":{"self":[{"href":"https:\/\/stagingserver3.com\/lorraine\/wp-json\/wp\/v2\/product\/372","targetHints":{"allow":["GET"]}}],"collection":[{"href":"https:\/\/stagingserver3.com\/lorraine\/wp-json\/wp\/v2\/product"}],"about":[{"href":"https:\/\/stagingserver3.com\/lorraine\/wp-json\/wp\/v2\/types\/product"}],"replies":[{"embeddable":true,"href":"https:\/\/stagingserver3.com\/lorraine\/wp-json\/wp\/v2\/comments?post=372"}],"wp:featuredmedia":[{"embeddable":true,"href":"https:\/\/stagingserver3.com\/lorraine\/wp-json\/wp\/v2\/media\/147"}],"wp:attachment":[{"href":"https:\/\/stagingserver3.com\/lorraine\/wp-json\/wp\/v2\/media?parent=372"}],"wp:term":[{"taxonomy":"product_cat","embeddable":true,"href":"https:\/\/stagingserver3.com\/lorraine\/wp-json\/wp\/v2\/product_cat?post=372"},{"taxonomy":"product_tag","embeddable":true,"href":"https:\/\/stagingserver3.com\/lorraine\/wp-json\/wp\/v2\/product_tag?post=372"}],"curies":[{"name":"wp","href":"https:\/\/api.w.org\/{rel}","templated":true}]}}